{"id":1985,"date":"2026-03-12T09:25:09","date_gmt":"2026-03-12T09:25:09","guid":{"rendered":"https:\/\/millionhaircenter.com\/fr\/?page_id=1985"},"modified":"2026-03-12T09:25:09","modified_gmt":"2026-03-12T09:25:09","slug":"avant-et-apres","status":"publish","type":"page","link":"https:\/\/millionhaircenter.com\/fr\/avant-et-apres\/","title":{"rendered":"avant et apr\u00e8s"},"content":{"rendered":"\t\t<div data-elementor-type=\"wp-page\" data-elementor-id=\"1985\" class=\"elementor elementor-1985\">\n\t\t\t\t<div class=\"elementor-element elementor-element-95a2b97 e-con-full e-flex e-con e-parent\" data-id=\"95a2b97\" data-element_type=\"container\" data-e-type=\"container\">\n\t\t\t\t<div class=\"elementor-element elementor-element-0713feb elementor-widget elementor-widget-mhc-page-hero\" data-id=\"0713feb\" data-element_type=\"widget\" data-e-type=\"widget\" data-widget_type=\"mhc-page-hero.default\">\n\t\t\t\t<div class=\"elementor-widget-container\">\n\t\t\t\t\t        <div class=\"mhc-widget mhc-page-hero\">\r\n                            <div class=\"mhc-page-hero-bg\" style=\"background-image:url('https:\/\/millionhaircenter.com\/fr\/wp-content\/uploads\/2026\/03\/fghjk.png');\"><\/div>\r\n                        <div class=\"mhc-page-hero-overlay\" style=\"background: rgba(0, 0, 0, 0.5);\"><\/div>\r\n\r\n            <div class=\"mhc-page-hero-inner\">\r\n                <h1 class=\"mhc-page-hero-title\">avant et apr\u00e8s<\/h1>\r\n\r\n                                <nav class=\"mhc-page-hero-breadcrumb\" aria-label=\"Breadcrumb\">\r\n                    <a href=\"https:\/\/millionhaircenter.com\/fr\/\" class=\"mhc-bc-link\">Page principale<\/a>\r\n                    <span class=\"mhc-bc-sep\">\/<\/span><span class=\"mhc-bc-current\">avant et apr\u00e8s<\/span>                <\/nav>\r\n                            <\/div>\r\n        <\/div>\r\n        <script>\r\n        (function(){\r\n            var el = document.currentScript.previousElementSibling;\r\n            if(!el) return;\r\n            var p = el.closest('.elementor-widget');\r\n            while(p){\r\n                p.style.margin = '0';\r\n                p.style.padding = '0';\r\n                p.style.gap = '0';\r\n                p.style.setProperty('--container-widget-gap','0px','important');\r\n                if(p.classList.contains('e-con') && p.classList.contains('e-parent')) break;\r\n                p = p.parentElement;\r\n            }\r\n        })();\r\n        <\/script>\r\n        \t\t\t\t<\/div>\n\t\t\t\t<\/div>\n\t\t\t\t<\/div>\n\t\t<div class=\"elementor-element elementor-element-46d4910 e-flex e-con-boxed e-con e-parent\" data-id=\"46d4910\" data-element_type=\"container\" data-e-type=\"container\">\n\t\t\t\t\t<div class=\"e-con-inner\">\n\t\t\t\t<div class=\"elementor-element elementor-element-a81591d elementor-widget elementor-widget-mhc-before-after\" data-id=\"a81591d\" data-element_type=\"widget\" data-e-type=\"widget\" data-widget_type=\"mhc-before-after.default\">\n\t\t\t\t<div class=\"elementor-widget-container\">\n\t\t\t\t\t        <div class=\"mhc-widget mhc-ba\" data-reveal-mode=\"slider_drag\" data-threshold=\"30\" data-direction=\"both\">\r\n\r\n                        <div class=\"mhc-ba-header\">\r\n                                    <span class=\"mhc-ba-badge\" style=\"color: #D4AF37;\">R\u00e9sultats horaires<\/span>\r\n                \r\n                                    <h2 class=\"mhc-ba-heading\" style=\"color: #1a1a1a;\">R\u00e9sultats avant et apr\u00e8s<\/h2>\r\n                \r\n                                    <p class=\"mhc-ba-desc\">En attendant la prochaine fois, de belles r\u00e9alisations de nos patients.<\/p>\r\n                            <\/div>\r\n            \r\n            <div class=\"mhc-ba-grid\">\r\n                                <div class=\"mhc-ba-card mhc-ba-card--locked\" data-index=\"0\">\r\n\r\n                    <div class=\"mhc-ba-slider\">\r\n                        <div class=\"mhc-ba-after\" style=\"background-image: url('https:\/\/millionhaircenter.com\/fr\/wp-content\/uploads\/2026\/03\/2.jpg');\">\r\n                            <span class=\"mhc-ba-label mhc-ba-label--after\" style=\"background: #1a1a1a; color: #ffffff;\">pas<\/span>\r\n                        <\/div>\r\n                        <div class=\"mhc-ba-before\" style=\"background-image: url('https:\/\/millionhaircenter.com\/fr\/wp-content\/uploads\/2026\/03\/1.jpg');\">\r\n                            <span class=\"mhc-ba-label mhc-ba-label--before\" style=\"background: #1a1a1a; color: #ffffff;\">te<\/span>\r\n                        <\/div>\r\n                        <div class=\"mhc-ba-handle\">\r\n                            <div class=\"mhc-ba-handle-line\" style=\"background: #1a1a1a;\"><\/div>\r\n                            <div class=\"mhc-ba-handle-circle\" style=\"background: #1a1a1a; color: #ffffff;\">\r\n                                <i class=\"fas fa-arrows-alt-h\"><\/i>\r\n                            <\/div>\r\n                            <div class=\"mhc-ba-handle-line\" style=\"background: #1a1a1a;\"><\/div>\r\n                        <\/div>\r\n                    <\/div>\r\n\r\n                    <div class=\"mhc-ba-locked-overlay\">\r\n                        <div class=\"mhc-ba-locked-content\">\r\n                                                            <div class=\"mhc-ba-locked-icon\" style=\"background: #D4AF371F;\">\r\n                                    <i class=\"fas fa-lock\" style=\"color: #D4AF37;\"><\/i>\r\n                                <\/div>\r\n                            \r\n                                                            <h4 class=\"mhc-ba-locked-title\">Photos du d\u00e9but de la journ\u00e9e<\/h4>\r\n                            \r\n                                                            <p class=\"mhc-ba-locked-desc\">Contactez-nous pour voir toutes les photos avant et apr\u00e8s.<\/p>\r\n                            \r\n                                                            <a href=\"https:\/\/wa.me\/905339543134\" class=\"mhc-ba-locked-btn\" style=\"background: #25D366; color: #ffffff;\" target=\"_blank\" rel=\"noopener\">\r\n                                                                            <i class=\"fab fa-whatsapp\"><\/i>\r\n                                                                        WhatsApp                                <\/a>\r\n                                                    <\/div>\r\n                    <\/div>\r\n\r\n                <\/div>\r\n                                <div class=\"mhc-ba-card mhc-ba-card--locked\" data-index=\"1\">\r\n\r\n                    <div class=\"mhc-ba-slider\">\r\n                        <div class=\"mhc-ba-after\" style=\"background-image: url('https:\/\/millionhaircenter.com\/fr\/wp-content\/uploads\/2026\/03\/4.jpg');\">\r\n                            <span class=\"mhc-ba-label mhc-ba-label--after\" style=\"background: #1a1a1a; color: #ffffff;\">pas<\/span>\r\n                        <\/div>\r\n                        <div class=\"mhc-ba-before\" style=\"background-image: url('https:\/\/millionhaircenter.com\/fr\/wp-content\/uploads\/2026\/03\/3.jpg');\">\r\n                            <span class=\"mhc-ba-label mhc-ba-label--before\" style=\"background: #1a1a1a; color: #ffffff;\">te<\/span>\r\n                        <\/div>\r\n                        <div class=\"mhc-ba-handle\">\r\n                            <div class=\"mhc-ba-handle-line\" style=\"background: #1a1a1a;\"><\/div>\r\n                            <div class=\"mhc-ba-handle-circle\" style=\"background: #1a1a1a; color: #ffffff;\">\r\n                                <i class=\"fas fa-arrows-alt-h\"><\/i>\r\n                            <\/div>\r\n                            <div class=\"mhc-ba-handle-line\" style=\"background: #1a1a1a;\"><\/div>\r\n                        <\/div>\r\n                    <\/div>\r\n\r\n                    <div class=\"mhc-ba-locked-overlay\">\r\n                        <div class=\"mhc-ba-locked-content\">\r\n                                                            <div class=\"mhc-ba-locked-icon\" style=\"background: #D4AF371F;\">\r\n                                    <i class=\"fas fa-lock\" style=\"color: #D4AF37;\"><\/i>\r\n                                <\/div>\r\n                            \r\n                                                            <h4 class=\"mhc-ba-locked-title\">Photos du d\u00e9but de la journ\u00e9e<\/h4>\r\n                            \r\n                                                            <p class=\"mhc-ba-locked-desc\">Contactez-nous pour voir toutes les photos avant et apr\u00e8s.<\/p>\r\n                            \r\n                                                            <a href=\"https:\/\/wa.me\/905339543134\" class=\"mhc-ba-locked-btn\" style=\"background: #25D366; color: #ffffff;\" target=\"_blank\" rel=\"noopener\">\r\n                                                                            <i class=\"fab fa-whatsapp\"><\/i>\r\n                                                                        WhatsApp                                <\/a>\r\n                                                    <\/div>\r\n                    <\/div>\r\n\r\n                <\/div>\r\n                                <div class=\"mhc-ba-card mhc-ba-card--locked\" data-index=\"2\">\r\n\r\n                    <div class=\"mhc-ba-slider\">\r\n                        <div class=\"mhc-ba-after\" style=\"background-image: url('https:\/\/millionhaircenter.com\/fr\/wp-content\/uploads\/2026\/03\/6.jpg');\">\r\n                            <span class=\"mhc-ba-label mhc-ba-label--after\" style=\"background: #1a1a1a; color: #ffffff;\">pas<\/span>\r\n                        <\/div>\r\n                        <div class=\"mhc-ba-before\" style=\"background-image: url('https:\/\/millionhaircenter.com\/fr\/wp-content\/uploads\/2026\/03\/5.jpg');\">\r\n                            <span class=\"mhc-ba-label mhc-ba-label--before\" style=\"background: #1a1a1a; color: #ffffff;\">te<\/span>\r\n                        <\/div>\r\n                        <div class=\"mhc-ba-handle\">\r\n                            <div class=\"mhc-ba-handle-line\" style=\"background: #1a1a1a;\"><\/div>\r\n                            <div class=\"mhc-ba-handle-circle\" style=\"background: #1a1a1a; color: #ffffff;\">\r\n                                <i class=\"fas fa-arrows-alt-h\"><\/i>\r\n                            <\/div>\r\n                            <div class=\"mhc-ba-handle-line\" style=\"background: #1a1a1a;\"><\/div>\r\n                        <\/div>\r\n                    <\/div>\r\n\r\n                    <div class=\"mhc-ba-locked-overlay\">\r\n                        <div class=\"mhc-ba-locked-content\">\r\n                                                            <div class=\"mhc-ba-locked-icon\" style=\"background: #D4AF371F;\">\r\n                                    <i class=\"fas fa-lock\" style=\"color: #D4AF37;\"><\/i>\r\n                                <\/div>\r\n                            \r\n                                                            <h4 class=\"mhc-ba-locked-title\">Photos du d\u00e9but de la journ\u00e9e<\/h4>\r\n                            \r\n                                                            <p class=\"mhc-ba-locked-desc\">Contactez-nous pour voir toutes les photos avant et apr\u00e8s.<\/p>\r\n                            \r\n                                                            <a href=\"https:\/\/wa.me\/905339543134\" class=\"mhc-ba-locked-btn\" style=\"background: #25D366; color: #ffffff;\" target=\"_blank\" rel=\"noopener\">\r\n                                                                            <i class=\"fab fa-whatsapp\"><\/i>\r\n                                                                        WhatsApp                                <\/a>\r\n                                                    <\/div>\r\n                    <\/div>\r\n\r\n                <\/div>\r\n                                <div class=\"mhc-ba-card mhc-ba-card--locked\" data-index=\"3\">\r\n\r\n                    <div class=\"mhc-ba-slider\">\r\n                        <div class=\"mhc-ba-after\" style=\"background-image: url('https:\/\/millionhaircenter.com\/fr\/wp-content\/uploads\/2026\/03\/8.jpg');\">\r\n                            <span class=\"mhc-ba-label mhc-ba-label--after\" style=\"background: #1a1a1a; color: #ffffff;\">pas<\/span>\r\n                        <\/div>\r\n                        <div class=\"mhc-ba-before\" style=\"background-image: url('https:\/\/millionhaircenter.com\/fr\/wp-content\/uploads\/2026\/03\/7.jpg');\">\r\n                            <span class=\"mhc-ba-label mhc-ba-label--before\" style=\"background: #1a1a1a; color: #ffffff;\">te<\/span>\r\n                        <\/div>\r\n                        <div class=\"mhc-ba-handle\">\r\n                            <div class=\"mhc-ba-handle-line\" style=\"background: #1a1a1a;\"><\/div>\r\n                            <div class=\"mhc-ba-handle-circle\" style=\"background: #1a1a1a; color: #ffffff;\">\r\n                                <i class=\"fas fa-arrows-alt-h\"><\/i>\r\n                            <\/div>\r\n                            <div class=\"mhc-ba-handle-line\" style=\"background: #1a1a1a;\"><\/div>\r\n                        <\/div>\r\n                    <\/div>\r\n\r\n                    <div class=\"mhc-ba-locked-overlay\">\r\n                        <div class=\"mhc-ba-locked-content\">\r\n                                                            <div class=\"mhc-ba-locked-icon\" style=\"background: #D4AF371F;\">\r\n                                    <i class=\"fas fa-lock\" style=\"color: #D4AF37;\"><\/i>\r\n                                <\/div>\r\n                            \r\n                                                            <h4 class=\"mhc-ba-locked-title\">Photos du d\u00e9but de la journ\u00e9e<\/h4>\r\n                            \r\n                                                            <p class=\"mhc-ba-locked-desc\">Contactez-nous pour voir toutes les photos avant et apr\u00e8s.<\/p>\r\n                            \r\n                                                            <a href=\"https:\/\/wa.me\/905339543134\" class=\"mhc-ba-locked-btn\" style=\"background: #25D366; color: #ffffff;\" target=\"_blank\" rel=\"noopener\">\r\n                                                                            <i class=\"fab fa-whatsapp\"><\/i>\r\n                                                                        WhatsApp                                <\/a>\r\n                                                    <\/div>\r\n                    <\/div>\r\n\r\n                <\/div>\r\n                                <div class=\"mhc-ba-card mhc-ba-card--locked\" data-index=\"4\">\r\n\r\n                    <div class=\"mhc-ba-slider\">\r\n                        <div class=\"mhc-ba-after\" style=\"background-image: url('https:\/\/millionhaircenter.com\/fr\/wp-content\/uploads\/2026\/03\/10.jpg');\">\r\n                            <span class=\"mhc-ba-label mhc-ba-label--after\" style=\"background: #1a1a1a; color: #ffffff;\">pas<\/span>\r\n                        <\/div>\r\n                        <div class=\"mhc-ba-before\" style=\"background-image: url('https:\/\/millionhaircenter.com\/fr\/wp-content\/uploads\/2026\/03\/9.jpg');\">\r\n                            <span class=\"mhc-ba-label mhc-ba-label--before\" style=\"background: #1a1a1a; color: #ffffff;\">te<\/span>\r\n                        <\/div>\r\n                        <div class=\"mhc-ba-handle\">\r\n                            <div class=\"mhc-ba-handle-line\" style=\"background: #1a1a1a;\"><\/div>\r\n                            <div class=\"mhc-ba-handle-circle\" style=\"background: #1a1a1a; color: #ffffff;\">\r\n                                <i class=\"fas fa-arrows-alt-h\"><\/i>\r\n                            <\/div>\r\n                            <div class=\"mhc-ba-handle-line\" style=\"background: #1a1a1a;\"><\/div>\r\n                        <\/div>\r\n                    <\/div>\r\n\r\n                    <div class=\"mhc-ba-locked-overlay\">\r\n                        <div class=\"mhc-ba-locked-content\">\r\n                                                            <div class=\"mhc-ba-locked-icon\" style=\"background: #D4AF371F;\">\r\n                                    <i class=\"fas fa-lock\" style=\"color: #D4AF37;\"><\/i>\r\n                                <\/div>\r\n                            \r\n                                                            <h4 class=\"mhc-ba-locked-title\">Photos du d\u00e9but de la journ\u00e9e<\/h4>\r\n                            \r\n                                                            <p class=\"mhc-ba-locked-desc\">Contactez-nous pour voir toutes les photos avant et apr\u00e8s.<\/p>\r\n                            \r\n                                                            <a href=\"https:\/\/wa.me\/905339543134\" class=\"mhc-ba-locked-btn\" style=\"background: #25D366; color: #ffffff;\" target=\"_blank\" rel=\"noopener\">\r\n                                                                            <i class=\"fab fa-whatsapp\"><\/i>\r\n                                                                        WhatsApp                                <\/a>\r\n                                                    <\/div>\r\n                    <\/div>\r\n\r\n                <\/div>\r\n                                <div class=\"mhc-ba-card mhc-ba-card--locked\" data-index=\"5\">\r\n\r\n                    <div class=\"mhc-ba-slider\">\r\n                        <div class=\"mhc-ba-after\" style=\"background-image: url('https:\/\/millionhaircenter.com\/fr\/wp-content\/uploads\/2026\/03\/12.jpg');\">\r\n                            <span class=\"mhc-ba-label mhc-ba-label--after\" style=\"background: #1a1a1a; color: #ffffff;\">pas<\/span>\r\n                        <\/div>\r\n                        <div class=\"mhc-ba-before\" style=\"background-image: url('https:\/\/millionhaircenter.com\/fr\/wp-content\/uploads\/2026\/03\/11.jpg');\">\r\n                            <span class=\"mhc-ba-label mhc-ba-label--before\" style=\"background: #1a1a1a; color: #ffffff;\">te<\/span>\r\n                        <\/div>\r\n                        <div class=\"mhc-ba-handle\">\r\n                            <div class=\"mhc-ba-handle-line\" style=\"background: #1a1a1a;\"><\/div>\r\n                            <div class=\"mhc-ba-handle-circle\" style=\"background: #1a1a1a; color: #ffffff;\">\r\n                                <i class=\"fas fa-arrows-alt-h\"><\/i>\r\n                            <\/div>\r\n                            <div class=\"mhc-ba-handle-line\" style=\"background: #1a1a1a;\"><\/div>\r\n                        <\/div>\r\n                    <\/div>\r\n\r\n                    <div class=\"mhc-ba-locked-overlay\">\r\n                        <div class=\"mhc-ba-locked-content\">\r\n                                                            <div class=\"mhc-ba-locked-icon\" style=\"background: #D4AF371F;\">\r\n                                    <i class=\"fas fa-lock\" style=\"color: #D4AF37;\"><\/i>\r\n                                <\/div>\r\n                            \r\n                                                            <h4 class=\"mhc-ba-locked-title\">Photos du d\u00e9but de la journ\u00e9e<\/h4>\r\n                            \r\n                                                            <p class=\"mhc-ba-locked-desc\">Contactez-nous pour voir toutes les photos avant et apr\u00e8s.<\/p>\r\n                            \r\n                                                            <a href=\"https:\/\/wa.me\/905339543134\" class=\"mhc-ba-locked-btn\" style=\"background: #25D366; color: #ffffff;\" target=\"_blank\" rel=\"noopener\">\r\n                                                                            <i class=\"fab fa-whatsapp\"><\/i>\r\n                                                                        WhatsApp                                <\/a>\r\n                                                    <\/div>\r\n                    <\/div>\r\n\r\n                <\/div>\r\n                            <\/div>\r\n\r\n            \r\n        <\/div>\r\n        \t\t\t\t<\/div>\n\t\t\t\t<\/div>\n\t\t\t\t\t<\/div>\n\t\t\t\t<\/div>\n\t\t<div class=\"elementor-element elementor-element-668d774 e-con-full e-flex e-con e-parent\" data-id=\"668d774\" data-element_type=\"container\" data-e-type=\"container\">\n\t\t\t\t<div class=\"elementor-element elementor-element-66e8243 elementor-widget elementor-widget-mhc-cta\" data-id=\"66e8243\" data-element_type=\"widget\" data-e-type=\"widget\" data-widget_type=\"mhc-cta.default\">\n\t\t\t\t<div class=\"elementor-widget-container\">\n\t\t\t\t\t        <div class=\"mhc-widget mhc-cta\" style=\"--mhc-cta-bg: #f8f8f8; --mhc-cta-accent: #D4AF37;\">\r\n            <div class=\"mhc-cta-inner\">\r\n\r\n                <!-- \u0130\u00e7erik -->\r\n                <div class=\"mhc-cta-content\">\r\n                                            <span class=\"mhc-cta-badge\">\r\n                            <i class=\"fas fa-bolt\"><\/i>\r\n                            Consultation gratuite                        <\/span>\r\n                    \r\n                                            <h2 class=\"mhc-cta-heading\">\u00c0 propos du shopping <span class=\"mhc-cta-highlight\">voir dans un r\u00eave<\/span><\/h2>\r\n                    \r\n                                            <p class=\"mhc-cta-desc\">Jetez un \u0153il aux excellents r\u00e9sultats que nous avons re\u00e7us de nos m\u00e9decins, experts et CEEA. Cr\u00e9ez instantan\u00e9ment un plan de traitement et consultez-le en ligne gratuitement.<\/p>\r\n                    \r\n                    <!-- Butonlar -->\r\n                    <div class=\"mhc-cta-buttons\">\r\n                                                    <a href=\"#\" class=\"mhc-cta-btn mhc-cta-btn--primary\">\r\n                                                                    <i class=\"fas fa-calendar-check\"><\/i>\r\n                                                                R\u00e9server ou prendre rendez-vous                            <\/a>\r\n                        \r\n                                                    <a href=\"https:\/\/wa.me\/905339543134\" class=\"mhc-cta-btn mhc-cta-btn--outline\" target=\"_blank\" rel=\"noopener\">\r\n                                                                    <i class=\"fab fa-whatsapp\"><\/i>\r\n                                                                WhatsApp                            <\/a>\r\n                                            <\/div>\r\n\r\n                    <!-- \u0130statistikler -->\r\n                                            <div class=\"mhc-cta-stats\">\r\n                                                        <div class=\"mhc-cta-stat\">\r\n                                <span class=\"mhc-cta-stat-number\">200K+<\/span>\r\n                                <span class=\"mhc-cta-stat-label\">patients heureux<\/span>\r\n                            <\/div>\r\n                                                        <div class=\"mhc-cta-stat\">\r\n                                <span class=\"mhc-cta-stat-number\">15+<\/span>\r\n                                <span class=\"mhc-cta-stat-label\">Plusieurs ann\u00e9es d&#039;exp\u00e9rience<\/span>\r\n                            <\/div>\r\n                                                        <div class=\"mhc-cta-stat\">\r\n                                <span class=\"mhc-cta-stat-number\">%98<\/span>\r\n                                <span class=\"mhc-cta-stat-label\">SATISFACTION<\/span>\r\n                            <\/div>\r\n                                                    <\/div>\r\n                                        <\/div>\r\n\r\n                <!-- G\u00f6rsel -->\r\n                <div class=\"mhc-cta-visual\">\r\n                    <div class=\"mhc-cta-image-wrap\">\r\n                                                    <img decoding=\"async\" src=\"https:\/\/millionhaircenter.com\/fr\/wp-content\/uploads\/2026\/02\/klinik2.jpg\" alt=\"\u00c0 propos du shopping {voir dans un r\u00eave}\" class=\"mhc-cta-image\">\r\n                                                <div class=\"mhc-cta-image-glow\"><\/div>\r\n                        <div class=\"mhc-cta-image-frame\"><\/div>\r\n                    <\/div>\r\n\r\n                    <!-- Floating Kart -->\r\n                                        <div class=\"mhc-cta-float\">\r\n                                                    <div class=\"mhc-cta-float-icon\">\r\n                                <i class=\"fas fa-star\"><\/i>\r\n                            <\/div>\r\n                                                <div class=\"mhc-cta-float-info\">\r\n                            <span class=\"mhc-cta-float-number\">4.9\/5<\/span>\r\n                            <span class=\"mhc-cta-float-label\">\u00c9valuation des patients<\/span>\r\n                        <\/div>\r\n                    <\/div>\r\n                                    <\/div>\r\n\r\n            <\/div>\r\n\r\n            <!-- Dekoratif -->\r\n            <div class=\"mhc-cta-deco mhc-cta-deco--1\"><\/div>\r\n            <div class=\"mhc-cta-deco mhc-cta-deco--2\"><\/div>\r\n        <\/div>\r\n        \t\t\t\t<\/div>\n\t\t\t\t<\/div>\n\t\t\t\t<\/div>\n\t\t\t\t<\/div>\n\t\t","protected":false},"excerpt":{"rendered":"","protected":false},"author":1,"featured_media":0,"parent":0,"menu_order":0,"comment_status":"closed","ping_status":"closed","template":"elementor_header_footer","meta":{"footnotes":""},"class_list":["post-1985","page","type-page","status-publish","hentry"],"_links":{"self":[{"href":"https:\/\/millionhaircenter.com\/fr\/wp-json\/wp\/v2\/pages\/1985","targetHints":{"allow":["GET"]}}],"collection":[{"href":"https:\/\/millionhaircenter.com\/fr\/wp-json\/wp\/v2\/pages"}],"about":[{"href":"https:\/\/millionhaircenter.com\/fr\/wp-json\/wp\/v2\/types\/page"}],"author":[{"embeddable":true,"href":"https:\/\/millionhaircenter.com\/fr\/wp-json\/wp\/v2\/users\/1"}],"replies":[{"embeddable":true,"href":"https:\/\/millionhaircenter.com\/fr\/wp-json\/wp\/v2\/comments?post=1985"}],"version-history":[{"count":0,"href":"https:\/\/millionhaircenter.com\/fr\/wp-json\/wp\/v2\/pages\/1985\/revisions"}],"wp:attachment":[{"href":"https:\/\/millionhaircenter.com\/fr\/wp-json\/wp\/v2\/media?parent=1985"}],"curies":[{"name":"wp","href":"https:\/\/api.w.org\/{rel}","templated":true}]}}